{"id":167,"date":"2019-08-27T18:59:47","date_gmt":"2019-08-27T18:59:47","guid":{"rendered":"https:\/\/pimente.net\/?page_id=167"},"modified":"2019-12-05T20:21:31","modified_gmt":"2019-12-05T19:21:31","slug":"terms-of-use","status":"publish","type":"page","link":"https:\/\/pimente.net\/fr\/terms-of-use\/","title":{"rendered":"Conditions d'utilisation"},"content":{"rendered":"<div class=\"Content\" style=\"background: url('pictures\/Fond-rose-noir-def.jpg');\">\n<div>\n<h1>TERMS AND CONDITIONS OF USE OF THE WEBSITE<\/h1>\n<p>These conditions are apply exclusively for the website <a href=\"http:\/\/www.cannellis.com\" rel=\"nofollow\">http:\/\/www.cannellis.com<\/a> operated by the company Cannellis for the marketing and promotion of its products.<\/p>\n<p>&nbsp;<\/p>\n<p style=\"text-align: left;\">Cannellis s\u00e0rl is a company based in :<\/p>\n<p style=\"text-align: left;\">PO Box 180<br \/>\nL-8303 Capellen<\/p>\n<p style=\"text-align: left;\">Luxembourg\u00a0\u00a0\u00a0\u00a0\u00a0\u00a0\u00a0\u00a0\u00a0\u00a0\u00a0\u00a0\u00a0\u00a0\u00a0\u00a0\u00a0\u00a0\u00a0\u00a0\u00a0\u00a0\u00a0\u00a0\u00a0\u00a0\u00a0\u00a0\u00a0\u00a0\u00a0\u00a0\u00a0\u00a0\u00a0\u00a0\u00a0\u00a0\u00a0\u00a0\u00a0\u00a0\u00a0 \u00a0 \u00a0 \u00a0 \u00a0 \u00a0 \u00a0\u00a0 \u00a0\u00a0\u00a0\u00a0\u00a0\u00a0\u00a0\u00a0\u00a0\u00a0\u00a0\u00a0\u00a0\u00a0\u00a0\u00a0\u00a0\u00a0\u00a0\u00a0\u00a0\u00a0\u00a0\u00a0\u00a0\u00a0\u00a0\u00a0\u00a0\u00a0\u00a0\u00a0\u00a0\u00a0\u00a0\u00a0\u00a0\u00a0\u00a0\u00a0\u00a0\u00a0\u00a0\u00a0\u00a0\u00a0\u00a0\u00a0 Vat number :\u00a0 LU26152038\u00a0\u00a0\u00a0\u00a0\u00a0\u00a0 \u00a0 \u00a0\u00a0\u00a0\u00a0\u00a0\u00a0\u00a0\u00a0\u00a0\u00a0\u00a0\u00a0\u00a0\u00a0\u00a0\u00a0\u00a0\u00a0\u00a0\u00a0\u00a0\u00a0\u00a0\u00a0\u00a0\u00a0\u00a0\u00a0\u00a0\u00a0\u00a0\u00a0\u00a0\u00a0\u00a0\u00a0\u00a0\u00a0\u00a0\u00a0\u00a0\u00a0\u00a0\u00a0\u00a0\u00a0\u00a0\u00a0\u00a0\u00a0\u00a0\u00a0\u00a0\u00a0\u00a0\u00a0\u00a0\u00a0\u00a0\u00a0\u00a0\u00a0\u00a0\u00a0\u00a0\u00a0\u00a0\u00a0\u00a0\u00a0\u00a0\u00a0\u00a0\u00a0\u00a0\u00a0\u00a0\u00a0\u00a0\u00a0\u00a0\u00a0\u00a0\u00a0\u00a0\u00a0\u00a0\u00a0\u00a0\u00a0\u00a0\u00a0\u00a0\u00a0\u00a0\u00a0\u00a0\u00a0\u00a0\u00a0\u00a0\u00a0\u00a0\u00a0\u00a0\u00a0\u00a0\u00a0\u00a0\u00a0\u00a0\u00a0\u00a0\u00a0\u00a0\u00a0\u00a0 Registration number : 2013 2420 131<\/p>\n<p>Your use of this website is subject to the current terms and conditions of use described below.<\/p>\n<p><u><strong>General use of the website <a href=\"http:\/\/www.cannellis.com\" rel=\"nofollow\">http:\/\/www.cannellis.com<\/a>:<\/strong><\/u><\/p>\n<p>Ce site est mis \u00e0 votre disposition pour une utilisation personnelle et non \u00e0 des fins d\u2019exploitation commerciale par vous.<\/p>\n<p>Nous nous r\u00e9servons le droit de modifier, retirer, ou refuser l\u2019acc\u00e8s de ces Sites Internet \u00e0 tout moment, \u00e0 toutes personnes  ne respectant pas les conditions ci pr\u00e9sentes.<\/p>\n<p>Votre compte personnel ne peut \u00eatre utilis\u00e9 que par vous et vos codes d\u2019acc\u00e8s ne peuvent \u00eatre divulgu\u00e9s \u00e0  un tiers.<\/p>\n<p>Il vous incombe de conserver et de ne pas divulguer vos codes d\u2019acc\u00e8s confidentiel.<\/p>\n<p><u><strong>Contenu du site internet :<\/strong><\/u><\/p>\n<p>This website and all its contents, texts, logos, downloads, images, photo material and documents under all their forms, are the property of the company Cannellis.<\/p>\n<p>Ils ne doivent aucun cas \u00eatre utiliser sans son accord pr\u00e9alable.<\/p>\n<p>Connection or reference to the <a href=\"http:\/\/www.cannellis.com\" rel=\"nofollow\">http:\/\/www.cannellis.com<\/a> site are punishable without our prior written consent.<\/p>\n<p>Vous pouvez imprimer une ou plusieurs pages du Site Internet pour votre usage personnel et non pour tout autre usage commercial ou autre.<\/p>\n<p>Les informations fournies sur ce site sont donn\u00e9es \u00e0 titre indicatif dans l\u2019int\u00e9r\u00eat g\u00e9n\u00e9ral.<\/p>\n<p>Les produits repr\u00e9sent\u00e9s sous forme de photographies, peuvent  apparaitre plus grand ou plus petit que la r\u00e9alit\u00e9.\n Leurs couleurs et rendus peuvent \u00e9galement pr\u00e9senter des variations. Ceci est li\u00e9 aux techniques de restitution des images au travers des \u00e9quipements d\u2019affichages, tel que les \u00e9crans et appareils photographiques.<\/p>\n<p><u><strong>Disponibilit\u00e9 du site internet :<\/strong><\/u><\/p>\n<p>Nous ne garantissons pas que ce site soit disponible en permanence. Des interruptions de service d\u00fb \u00e0 sa maintenance.<\/p>\n<p>Nous nous r\u00e9servons le droit de le retirer le site \u00e0 tout moment, si nous le jugeons n\u00e9cessaire.<\/p>\n<p>Each one is supposed to protect itself and its network against all forms of piracy, viruses, phishing and other form of cyber crime. Cannellis can never be held liable. We encourage you to take the necessary precautions when downloading information from our site.<\/p>\n<p>For questions related to terms of use of our site, please contact us via our contact form or at the address <em><strong>contact@cannellis.com.<\/strong><\/em><\/p>\n<\/div>\n<\/div>","protected":false},"excerpt":{"rendered":"<p>TERMS AND CONDITIONS OF USE OF THE WEBSITE These conditions are apply exclusively for the website <a href=\"http:\/\/www.cannellis.com\" rel=\"nofollow\">http:\/\/www.cannellis.com<\/a> operated by the company Cannellis for the marketing and promotion of its products. &nbsp; Cannellis s\u00e0rl is a company based in : PO Box 180 L-8303 Capellen Luxembourg\u00a0\u00a0\u00a0\u00a0\u00a0\u00a0\u00a0\u00a0\u00a0\u00a0\u00a0\u00a0\u00a0\u00a0\u00a0\u00a0\u00a0\u00a0\u00a0\u00a0\u00a0\u00a0\u00a0\u00a0\u00a0\u00a0\u00a0\u00a0\u00a0\u00a0\u00a0\u00a0\u00a0\u00a0\u00a0\u00a0\u00a0\u00a0\u00a0\u00a0\u00a0\u00a0\u00a0 \u00a0 \u00a0 \u00a0 \u00a0 \u00a0 \u00a0\u00a0 \u00a0\u00a0\u00a0\u00a0\u00a0\u00a0\u00a0\u00a0\u00a0\u00a0\u00a0\u00a0\u00a0\u00a0\u00a0\u00a0\u00a0\u00a0\u00a0\u00a0\u00a0\u00a0\u00a0\u00a0\u00a0\u00a0\u00a0\u00a0\u00a0\u00a0\u00a0\u00a0\u00a0\u00a0\u00a0\u00a0\u00a0\u00a0\u00a0\u00a0\u00a0\u00a0\u00a0\u00a0\u00a0\u00a0\u00a0\u00a0 Vat number :\u00a0 &hellip; <a href=\"https:\/\/pimente.net\/fr\/terms-of-use\/\" class=\"more-link\">Lire la suite <span class=\"screen-reader-text\">Conditions d'utilisation<\/span><\/a><\/p>","protected":false},"author":166864691,"featured_media":0,"parent":0,"menu_order":0,"comment_status":"closed","ping_status":"closed","template":"","meta":{"_coblocks_attr":"","_coblocks_dimensions":"","_coblocks_responsive_height":"","_coblocks_accordion_ie_support":"","_crdt_document":"","advanced_seo_description":"","jetpack_seo_html_title":"","jetpack_seo_noindex":false,"footnotes":""},"class_list":["post-167","page","type-page","status-publish","hentry"],"jetpack_likes_enabled":true,"jetpack_sharing_enabled":true,"jetpack_shortlink":"https:\/\/wp.me\/PbczYl-2H","amp_enabled":true,"_links":{"self":[{"href":"https:\/\/pimente.net\/fr\/wp-json\/wp\/v2\/pages\/167","targetHints":{"allow":["GET"]}}],"collection":[{"href":"https:\/\/pimente.net\/fr\/wp-json\/wp\/v2\/pages"}],"about":[{"href":"https:\/\/pimente.net\/fr\/wp-json\/wp\/v2\/types\/page"}],"author":[{"embeddable":true,"href":"https:\/\/pimente.net\/fr\/wp-json\/wp\/v2\/users\/166864691"}],"replies":[{"embeddable":true,"href":"https:\/\/pimente.net\/fr\/wp-json\/wp\/v2\/comments?post=167"}],"version-history":[{"count":9,"href":"https:\/\/pimente.net\/fr\/wp-json\/wp\/v2\/pages\/167\/revisions"}],"predecessor-version":[{"id":1891,"href":"https:\/\/pimente.net\/fr\/wp-json\/wp\/v2\/pages\/167\/revisions\/1891"}],"wp:attachment":[{"href":"https:\/\/pimente.net\/fr\/wp-json\/wp\/v2\/media?parent=167"}],"curies":[{"name":"wp","href":"https:\/\/api.w.org\/{rel}","templated":true}]}}